{"id":1522,"date":"2025-10-26T14:21:25","date_gmt":"2025-10-26T14:21:25","guid":{"rendered":"http:\/\/microfirex-dev.local\/?page_id=1522"},"modified":"2025-10-28T12:16:18","modified_gmt":"2025-10-28T12:16:18","slug":"terms-conditions","status":"publish","type":"page","link":"https:\/\/microfirex.com\/de\/en\/terms-conditions\/","title":{"rendered":"Terms&#038;Conditions"},"content":{"rendered":"<div data-elementor-type=\"wp-page\" data-elementor-id=\"1522\" class=\"elementor elementor-1522\" data-elementor-post-type=\"page\">\n\t\t\t\t<div class=\"elementor-element elementor-element-434c07da e-flex e-con-boxed e-con e-parent\" data-id=\"434c07da\" data-element_type=\"container\" data-e-type=\"container\">\n\t\t\t\t\t<div class=\"e-con-inner\">\n\t\t\t\t<div class=\"elementor-element elementor-element-7323827c elementor-widget elementor-widget-text-editor\" data-id=\"7323827c\" data-element_type=\"widget\" data-e-type=\"widget\" data-widget_type=\"text-editor.default\">\n\t\t\t\t\t\t\t\t\tEffective Date: October 2025\nCompany: GRC Teknoloji M\u00fchendislik Tan\u0131t\u0131m San. ve Tic. Ltd. \u015eti.\n<p>1. Introduction<p>\nThese Terms and Conditions govern your use of the website www.grctek.com operated by GRC Teknoloji M\u00fchendislik Tan\u0131t\u0131m San. ve Tic. Ltd. \u015eti. (\u201cGRC Teknoloji\u201d, \u201cwe\u201d, \u201cus\u201d, or \u201cour\u201d). By accessing or using our website, you agree to these Terms. If you do not agree, please refrain from using the site.\n<p>2. Use of the Website<p>\nYou may use our website only for lawful purposes and in accordance with these Terms. You agree not to use the website:\n&#8211; in any way that violates applicable laws or regulations;\n&#8211; to transmit harmful or malicious code;\n&#8211; to attempt unauthorized access to our systems or data.\n<p>3. Intellectual Property<p>\nAll content, design, text, graphics, and logos on this website are the intellectual property of GRC Teknoloji or its licensors and are protected by copyright and trademark laws. You may not copy, reproduce, or distribute any part of the website without written permission.\n<p>4. Links to Other Websites<p>\nOur website may contain links to third-party websites. These links are provided for your convenience only. We are not responsible for the content or privacy practices of third-party sites.\n<p>5. Limitation of Liability<p>\nGRC Teknoloji is not liable for any direct, indirect, incidental, or consequential damages arising from your use or inability to use the website.\n<p>6. Disclaimer<p>\nAll information on the website is provided \u201cas is\u201d without any warranties of any kind. We do not guarantee that the website will be error-free or uninterrupted.\n<p>7. Changes to the Terms<p>\nWe may modify these Terms at any time by posting updated versions on this page. Continued use of the website constitutes your acceptance of the revised Terms.\n<p>8. Governing Law<p>\nThese Terms are governed by and construed in accordance with the laws of the Republic of T\u00fcrkiye and applicable EU regulations.\n<p>9. Contact<p>\nFor any questions regarding these Terms, please contact us at: info@grctek.com\n\n<!-- \/wp:paragraph -->\n\t\t\t\t\t\t\t\t<\/div>\n\t\t\t\t\t<\/div>\n\t\t\t\t<\/div>\n\t\t\t\t<\/div>","protected":false},"excerpt":{"rendered":"<p>Effective Date: October 2025 Company: GRC Teknoloji M\u00fchendislik Tan\u0131t\u0131m San. ve Tic. Ltd. \u015eti. 1. Introduction These Terms and Conditions [&hellip;]<\/p>\n","protected":false},"author":1,"featured_media":0,"parent":275,"menu_order":0,"comment_status":"closed","ping_status":"closed","template":"","meta":{"site-sidebar-layout":"default","site-content-layout":"","ast-site-content-layout":"default","site-content-style":"default","site-sidebar-style":"default","ast-global-header-display":"","ast-banner-title-visibility":"","ast-main-header-display":"","ast-hfb-above-header-display":"","ast-hfb-below-header-display":"","ast-hfb-mobile-header-display":"","site-post-title":"","ast-breadcrumbs-content":"","ast-featured-img":"","footer-sml-layout":"","ast-disable-related-posts":"","theme-transparent-header-meta":"","adv-header-id-meta":"","stick-header-meta":"","header-above-stick-meta":"","header-main-stick-meta":"","header-below-stick-meta":"","astra-migrate-meta-layouts":"default","ast-page-background-enabled":"default","ast-page-background-meta":{"desktop":{"background-color":"var(--ast-global-color-5)","background-image":"","background-repeat":"repeat","background-position":"center center","background-size":"auto","background-attachment":"scroll","background-type":"","background-media":"","overlay-type":"","overlay-color":"","overlay-opacity":"","overlay-gradient":""},"tablet":{"background-color":"","background-image":"","background-repeat":"repeat","background-position":"center center","background-size":"auto","background-attachment":"scroll","background-type":"","background-media":"","overlay-type":"","overlay-color":"","overlay-opacity":"","overlay-gradient":""},"mobile":{"background-color":"","background-image":"","background-repeat":"repeat","background-position":"center center","background-size":"auto","background-attachment":"scroll","background-type":"","background-media":"","overlay-type":"","overlay-color":"","overlay-opacity":"","overlay-gradient":""}},"ast-content-background-meta":{"desktop":{"background-color":"var(--ast-global-color-4)","background-image":"","background-repeat":"repeat","background-position":"center center","background-size":"auto","background-attachment":"scroll","background-type":"","background-media":"","overlay-type":"","overlay-color":"","overlay-opacity":"","overlay-gradient":""},"tablet":{"background-color":"var(--ast-global-color-4)","background-image":"","background-repeat":"repeat","background-position":"center center","background-size":"auto","background-attachment":"scroll","background-type":"","background-media":"","overlay-type":"","overlay-color":"","overlay-opacity":"","overlay-gradient":""},"mobile":{"background-color":"var(--ast-global-color-4)","background-image":"","background-repeat":"repeat","background-position":"center center","background-size":"auto","background-attachment":"scroll","background-type":"","background-media":"","overlay-type":"","overlay-color":"","overlay-opacity":"","overlay-gradient":""}},"footnotes":""},"class_list":["post-1522","page","type-page","status-publish","hentry"],"_hostinger_reach_plugin_has_subscription_block":false,"_hostinger_reach_plugin_is_elementor":false,"_links":{"self":[{"href":"https:\/\/microfirex.com\/de\/wp-json\/wp\/v2\/pages\/1522","targetHints":{"allow":["GET"]}}],"collection":[{"href":"https:\/\/microfirex.com\/de\/wp-json\/wp\/v2\/pages"}],"about":[{"href":"https:\/\/microfirex.com\/de\/wp-json\/wp\/v2\/types\/page"}],"author":[{"embeddable":true,"href":"https:\/\/microfirex.com\/de\/wp-json\/wp\/v2\/users\/1"}],"replies":[{"embeddable":true,"href":"https:\/\/microfirex.com\/de\/wp-json\/wp\/v2\/comments?post=1522"}],"version-history":[{"count":4,"href":"https:\/\/microfirex.com\/de\/wp-json\/wp\/v2\/pages\/1522\/revisions"}],"predecessor-version":[{"id":1554,"href":"https:\/\/microfirex.com\/de\/wp-json\/wp\/v2\/pages\/1522\/revisions\/1554"}],"up":[{"embeddable":true,"href":"https:\/\/microfirex.com\/de\/wp-json\/wp\/v2\/pages\/275"}],"wp:attachment":[{"href":"https:\/\/microfirex.com\/de\/wp-json\/wp\/v2\/media?parent=1522"}],"curies":[{"name":"wp","href":"https:\/\/api.w.org\/{rel}","templated":true}]}}